{"id":1822,"date":"2025-12-05T19:28:06","date_gmt":"2025-12-05T18:28:06","guid":{"rendered":"http:\/\/www.andreschulz.de\/wordpress\/?page_id=1822"},"modified":"2026-01-01T21:18:49","modified_gmt":"2026-01-01T20:18:49","slug":"gross-borstel-artikel-zur-stadteilgeschichte","status":"publish","type":"page","link":"http:\/\/www.andreschulz.de\/wordpress\/gross-borstel-artikel-zur-stadteilgeschichte\/","title":{"rendered":"Gro\u00df Borstel &#8211; Artikel zur Stadteilgeschichte"},"content":{"rendered":"\n<p>Im Gro\u00df Borsteler Stadtteil-Heft &#8222;Borsteler Bote&#8220; ver\u00f6ffentliche ich seit 2019 Artkel zur Geschichte des Stadtteil und seiner Bewohner.. Die meisten der Artikel sind direkt auf der Webseite des Kommunal-Vereins verlinkt. Die \u00fcbrigen Beitr\u00e4ge k\u00f6nnen \u00fcber die <a href=\"https:\/\/www.grossborstel.de\/gross-borsteler-bote\/\">Digitalversionen des Heftes<\/a> auf der Seite des Kommunalvereins eingesehen werden.<\/p>\n\n\n\n<p>Alle Texte: Andre Schulz<br>Fotos; wenn nicht anders angegeben: Andr\u00e9 Schulz<br>Alle Rechte vorbehalten.<\/p>\n\n\n\n<figure class=\"wp-block-image size-large\"><img loading=\"lazy\" decoding=\"async\" width=\"1024\" height=\"576\" src=\"http:\/\/www.andreschulz.de\/wordpress\/wp-content\/uploads\/2025\/12\/Stavenhagenhaus-1024x576.jpg\" alt=\"\" class=\"wp-image-1910\" srcset=\"http:\/\/www.andreschulz.de\/wordpress\/wp-content\/uploads\/2025\/12\/Stavenhagenhaus-1024x576.jpg 1024w, http:\/\/www.andreschulz.de\/wordpress\/wp-content\/uploads\/2025\/12\/Stavenhagenhaus-300x169.jpg 300w, http:\/\/www.andreschulz.de\/wordpress\/wp-content\/uploads\/2025\/12\/Stavenhagenhaus-768x432.jpg 768w, http:\/\/www.andreschulz.de\/wordpress\/wp-content\/uploads\/2025\/12\/Stavenhagenhaus-678x381.jpg 678w, http:\/\/www.andreschulz.de\/wordpress\/wp-content\/uploads\/2025\/12\/Stavenhagenhaus.jpg 1360w\" sizes=\"auto, (max-width: 1024px) 100vw, 1024px\" \/><\/figure>\n\n\n\n<p><\/p>\n\n\n\n<p><strong>2018<\/strong><\/p>\n\n\n\n<p><a href=\"https:\/\/www.grossborstel.de\/vieles-neu-an-der-broe-das-neue-vereinsgelaende-des-tsv-1908-eppendorf-gross-borstel\/\">Das neue Vereinsgel\u00e4nde des SV Gro\u00df Borstel<\/a>, Juli 2018<\/p>\n\n\n\n<p><a href=\"https:\/\/www.grossborstel.de\/das-stavenhagenhaus-haeuser-die-geschichte-erzaehlen\/\">Das Stavenhagenhaus<\/a>, September 2018<\/p>\n\n\n\n<p><a href=\"https:\/\/www.grossborstel.de\/die-kirchengemeinde-st-peter-haeuser-die-geschichte-erzaehlen\/\">Die Kirchengemeinde St. Peter<\/a>, Oktober 2018<\/p>\n\n\n\n<p><a href=\"http:\/\/chrome-extension:\/\/efaidnbmnnnibpcajpcglclefindmkaj\/https:\/\/www.grossborstel.de\/wp-content\/uploads\/2019\/02\/GBB_18-11-NOVEMBER-MAIL_O.pdf\">Das Trafoh\u00e4uschen an der Borsteler Chaussee<\/a>, November 2018<\/p>\n\n\n\n<p><a href=\"https:\/\/www.grossborstel.de\/filmstudios-zwischen-alster-und-tarpenbek\/\">Filmstudios zwischen Alster und Tarpenbek<\/a>, Dezember 2018<\/p>\n\n\n\n<p><strong>2019<\/strong><\/p>\n\n\n\n<p>Die Str\u00fcwer-Werke, Januar 2019<\/p>\n\n\n\n<p><a href=\"https:\/\/www.grossborstel.de\/wladimir-koeppen-und-die-drachenstation\/\">Wladimir K\u00f6ppen und die Drachenstation<\/a>, Februar 2019<\/p>\n\n\n\n<p><a href=\"https:\/\/www.grossborstel.de\/alfred-wegener-haeuser-die-geschichten-erzaehlen\/\">Alfred Wegener<\/a>, M\u00e4rz 2019<\/p>\n\n\n\n<p><a href=\"https:\/\/www.grossborstel.de\/das-drama-in-eismitte-der-polarforscher-johannes-georgi-haeuser-die-geschichten-erzaehlen\/\">Das Drama in &#8222;Eismitte&#8220;! Der Polarforscher Johannes Georgi<\/a>, April 2019<\/p>\n\n\n\n<p><a href=\"https:\/\/www.grossborstel.de\/die-gross-borsteler-rennbahn-und-der-rennstall-blumenfeld-und-samson-haeuser-die-geschichten-erzaehlen\/\">Die Gro\u00df Borsteler Rennbahn und der Rennstall Blumenfeld und Samson<\/a>, Mai 2019<\/p>\n\n\n\n<p><a href=\"https:\/\/www.grossborstel.de\/haeuser-die-geschichten-erzaehlen-schokolade-und-lofts\/\">Schokolade und Lofts<\/a>, Juni 2019<\/p>\n\n\n\n<p><a href=\"https:\/\/www.grossborstel.de\/haeuser-die-geschichten-erzaehlen\/\">Kulturkampf am Licentiatenberg<\/a>, August 2019<\/p>\n\n\n\n<p><a href=\"https:\/\/www.grossborstel.de\/haeuser-die-geschichten-erzaehlen-2\/\">Henning Hammond-Norden und der Steinaltar im Herbstschen Park<\/a>, September 2019<\/p>\n\n\n\n<p><a href=\"https:\/\/www.grossborstel.de\/haeuser-die-geschichten-erzaehlen-das-rote-haus-in-der-frustbergstrasse\/\">Das rote Haus in der Frustbergstra\u00dfe<\/a>, Oktober 2019<\/p>\n\n\n\n<p><a href=\"https:\/\/www.grossborstel.de\/haeuser-die-geschichten-erzaehlen-3\/\">Das Lichtforschungsinstitut am Moorweg<\/a>, November 2019<\/p>\n\n\n\n<p><a href=\"http:\/\/chrome-extension:\/\/efaidnbmnnnibpcajpcglclefindmkaj\/https:\/\/www.grossborstel.de\/wp-content\/uploads\/2019\/12\/GBB_19-12-DEZEMBER-RZ_ONLINE.pdf\">Alfred Ehrhardt, Fotograf und Dokumentarfilmer<\/a>, Dezember 2019<\/p>\n\n\n\n<p><strong>2020<\/strong><\/p>\n\n\n\n<p><a href=\"https:\/\/www.grossborstel.de\/haeuser-die-geschichten-erzaehlen-4\/\">Das K\u00fcnstlerhaus am Sootb\u00f6rn 20<\/a>, Januar 2020<\/p>\n\n\n\n<p><a href=\"https:\/\/www.grossborstel.de\/haeuser-die-geschichten-erzaehlen-5\/\">Fischgesch\u00e4ft und R\u00e4ucherei In der Borsteler Chaussee 108<\/a>, Februar 2020<\/p>\n\n\n\n<p><a href=\"https:\/\/www.grossborstel.de\/haeuser-die-geschichten-erzaehlen-6\/\">Borsteler Chaussee 1<\/a>, M\u00e4rz 2020<\/p>\n\n\n\n<p><a href=\"https:\/\/www.grossborstel.de\/haeuser-die-geschichten-erzaehlen-woltersstrasse-20\/\">Das Haus, das in die Erde muss (Teil 1)<\/a>, April 2020<\/p>\n\n\n\n<p><a href=\"https:\/\/www.grossborstel.de\/haeuser-die-geschichten-erzaehlen-woltersstrasse-20-2\/\">Das Haus, das in die Erde muss (Teil 2)<\/a>, Mai 2020<\/p>\n\n\n\n<p><a href=\"https:\/\/www.grossborstel.de\/haeuser-die-geschichten-erzaehlen-7\/\">Die Schule am Lokstedter Damm<\/a>, Juni 2020<\/p>\n\n\n\n<p><a href=\"https:\/\/www.grossborstel.de\/das-verschwundene-stadion-nord\/\">Das verschwundene Stadion Nord<\/a>, Juli 2020<\/p>\n\n\n\n<p><a href=\"https:\/\/www.grossborstel.de\/haeuser-die-geschichten-erzaehlen-8\/\">Die Akademische Stadt<\/a>, September 2020<\/p>\n\n\n\n<p><a href=\"https:\/\/www.grossborstel.de\/haeuser-die-geschichte-erzaehlen\/\">Ein Garten f\u00fcr Kinder<\/a>, Oktober 2020<\/p>\n\n\n\n<p><a href=\"https:\/\/www.grossborstel.de\/haeuser-die-geschichten-erzaehlen-9\/\">Das ehemalige M\u00fctterheim in der Borsteler Chaussee<\/a>, November 2020<\/p>\n\n\n\n<p><a href=\"https:\/\/www.grossborstel.de\/haeuser-die-geschichten-erzaehlen-10\/\">Kr\u00fcss &#8211; Start up mit Geschichte (I)<\/a>, Dezember 2020<\/p>\n\n\n\n<p><strong>2021<\/strong><\/p>\n\n\n\n<p><a href=\"https:\/\/www.grossborstel.de\/haeuser-die-geschichten-erzaehlen-11\/\">Kr\u00fcss, Start up mit Geschichte (II)<\/a>, Januar 2021<\/p>\n\n\n\n<p><a href=\"https:\/\/www.grossborstel.de\/haeuser-die-geschichten-erzaehlen-12\/\">Die Dichter- und Ged\u00e4chtnisstiftung<\/a>, Februar 2021<\/p>\n\n\n\n<p><a href=\"https:\/\/www.grossborstel.de\/haeuser-die-geschichten-erzaehlen-13\/\">Die Gro\u00df Borsteler Sternwarte<\/a>, M\u00e4rz 2021<\/p>\n\n\n\n<p><a href=\"https:\/\/www.grossborstel.de\/haeuser-die-geschichten-erzaehlen-14\/\">Das blaue Haus an der Woltersstra\u00dfe<\/a>, April 2021<\/p>\n\n\n\n<figure class=\"wp-block-image size-full\"><img loading=\"lazy\" decoding=\"async\" width=\"1000\" height=\"635\" src=\"http:\/\/www.andreschulz.de\/wordpress\/wp-content\/uploads\/2026\/01\/Luftschiffhalle.jpg\" alt=\"\" class=\"wp-image-1951\" srcset=\"http:\/\/www.andreschulz.de\/wordpress\/wp-content\/uploads\/2026\/01\/Luftschiffhalle.jpg 1000w, http:\/\/www.andreschulz.de\/wordpress\/wp-content\/uploads\/2026\/01\/Luftschiffhalle-300x191.jpg 300w, http:\/\/www.andreschulz.de\/wordpress\/wp-content\/uploads\/2026\/01\/Luftschiffhalle-768x488.jpg 768w\" sizes=\"auto, (max-width: 1000px) 100vw, 1000px\" \/><\/figure>\n\n\n\n<p><a href=\"https:\/\/www.grossborstel.de\/haeuser-die-geschichten-erzaehlen-15\/\">Luftschiffe \u00fcber Hamburg (I)<\/a>, Mai 2021<\/p>\n\n\n\n<p><a href=\"https:\/\/www.grossborstel.de\/haeuser-die-geschichten-erzaehlen-16\/\">Luftschiffe \u00fcber Hamburg (II)<\/a>, Juni 2021<\/p>\n\n\n\n<p><a href=\"https:\/\/www.grossborstel.de\/category\/aktuelle-meldungen\/page\/59\/\">Die W\u00e4scherei Muuss im Br\u00f6dermannsweg<\/a>, Juli 2021<\/p>\n\n\n\n<p><a href=\"https:\/\/www.grossborstel.de\/haeuser-die-geschichten-erzaehlen-gross-borstels-feuerwehren\/\">Gro\u00df Borstels Feuerwehren<\/a>, August 2021<\/p>\n\n\n\n<p><a href=\"https:\/\/www.grossborstel.de\/keine-pferde-in-gross-borstel\/\">(Keine) Pferde in Gro\u00df Borstel<\/a>, September 2021<\/p>\n\n\n\n<p><a href=\"https:\/\/www.grossborstel.de\/haeuser-die-geschichten-erzaehlen-18\/\">Das Haus am Ende der Borsteler Chaussee<\/a>, Oktober 2021<\/p>\n\n\n\n<p><a href=\"https:\/\/www.grossborstel.de\/haeuser-die-geschichten-erzaehlen-19\/\">Die Margarinefabrik im Kellerblek<\/a>, November 2021<\/p>\n\n\n\n<p><a href=\"https:\/\/www.grossborstel.de\/haeuser-die-geschichten-erzaehlen-20\/\">Gro\u00df Borstels Grenze zu \u00d6sterreich<\/a>, Dezember 2021<\/p>\n\n\n\n<p><strong>2022<\/strong><\/p>\n\n\n\n<p><a href=\"https:\/\/www.grossborstel.de\/haeuser-die-geschichten-erzaehlen-21\/\">Das Kinderheim Sonnenschein<\/a>, Januar 2022<\/p>\n\n\n\n<p><a href=\"https:\/\/www.grossborstel.de\/haeuser-die-geschichten-erzaehlen-die-toechterhaeuser\/\">Die T\u00f6chterh\u00e4user<\/a>, Februar 2022<\/p>\n\n\n\n<p><a href=\"https:\/\/www.grossborstel.de\/das-israelitische-krankenhaus-und-die-familie-heine-i\/\">Das Israelitische Krankenhaus und die Familie Heine (I)<\/a>, M\u00e4rz 2022<\/p>\n\n\n\n<p><a href=\"https:\/\/www.grossborstel.de\/haeuser-die-geschichten-erzaehlen-22\/\">Das Israelitische Krankenhaus und die Familie Heine (II)<\/a>, April 2022<\/p>\n\n\n\n<p><a href=\"https:\/\/www.grossborstel.de\/zum-100-jahrestag-der-sachsenwald-expeditionteil-1\/\">Zum 100. Jahrestag der Sachsenwald-Expedition<\/a> (Teil 1), Mai 2022<\/p>\n\n\n\n<p><a href=\"https:\/\/www.grossborstel.de\/zum-100-jahrestag-der-sachsenwald-expeditionteil-2\/\">Zum 100. Jahrestag der Sachsenwald-Expedition<\/a> (Teil 2), Juni 2022<\/p>\n\n\n\n<p><a href=\"https:\/\/www.grossborstel.de\/die-alsterkinder-am-borsteler-bogen\/\">Die Alsterkinder am Borsteler Bogen<\/a> Juli\/August 2022<\/p>\n\n\n\n<p><a href=\"https:\/\/www.grossborstel.de\/die-lehrerbausiedlung-am-ortleppweg\/\">Die Lehrerbausiedlung am Ortleppweg<\/a>, September 2022<\/p>\n\n\n\n<p><a href=\"https:\/\/www.grossborstel.de\/die-dachpappenfabrik-riedeburg-moeller\/\">Die Dachpappenfabrik Riedeburg &amp; M\u00f6ller<\/a>, Oktober 2022<\/p>\n\n\n\n<p><a href=\"https:\/\/www.grossborstel.de\/das-stavenhagenhaus-in-der-franzosenzeit\/\">Das Stavenhagenhaus in der Franzosenzeit<\/a>, November 2022<\/p>\n\n\n\n<figure class=\"wp-block-image size-full is-resized\"><img loading=\"lazy\" decoding=\"async\" width=\"1024\" height=\"656\" src=\"http:\/\/www.andreschulz.de\/wordpress\/wp-content\/uploads\/2025\/12\/Franzosenzeit.jpg\" alt=\"\" class=\"wp-image-1908\" style=\"width:705px;height:auto\" srcset=\"http:\/\/www.andreschulz.de\/wordpress\/wp-content\/uploads\/2025\/12\/Franzosenzeit.jpg 1024w, http:\/\/www.andreschulz.de\/wordpress\/wp-content\/uploads\/2025\/12\/Franzosenzeit-300x192.jpg 300w, http:\/\/www.andreschulz.de\/wordpress\/wp-content\/uploads\/2025\/12\/Franzosenzeit-768x492.jpg 768w\" sizes=\"auto, (max-width: 1024px) 100vw, 1024px\" \/><figcaption class=\"wp-element-caption\">Aus der Franzosenzeit (Gem\u00e4lde von Ernst Henseler)<\/figcaption><\/figure>\n\n\n\n<p><a href=\"https:\/\/www.grossborstel.de\/keine-transitstrecke-durch-gross-borstel\/\">(K)eine Transitstrecke durch Gro\u00df Borstel<\/a>, Dezember 2022<\/p>\n\n\n\n<p><strong>2023<\/strong><\/p>\n\n\n\n<p><a href=\"https:\/\/www.grossborstel.de\/haeuser-die-geschichten-erzaehlenmenschen-und-tiere-unter-einem-dach\/\">Menschen und Tier unter einem Dach (Moorweg 1)<\/a>, Januar 2023<\/p>\n\n\n\n<figure class=\"wp-block-image size-full is-resized\"><img loading=\"lazy\" decoding=\"async\" width=\"1024\" height=\"683\" src=\"http:\/\/www.andreschulz.de\/wordpress\/wp-content\/uploads\/2025\/12\/Moorweg1.jpg\" alt=\"\" class=\"wp-image-1911\" style=\"aspect-ratio:1.4992888417882142;width:711px;height:auto\" srcset=\"http:\/\/www.andreschulz.de\/wordpress\/wp-content\/uploads\/2025\/12\/Moorweg1.jpg 1024w, http:\/\/www.andreschulz.de\/wordpress\/wp-content\/uploads\/2025\/12\/Moorweg1-300x200.jpg 300w, http:\/\/www.andreschulz.de\/wordpress\/wp-content\/uploads\/2025\/12\/Moorweg1-768x512.jpg 768w\" sizes=\"auto, (max-width: 1024px) 100vw, 1024px\" \/><\/figure>\n\n\n\n<p><a href=\"https:\/\/www.grossborstel.de\/die-carl-goetze-schule-und-ihre-vorgaenger\/\">Die Carl-G\u00f6tze-Schule und ihrer Vorg\u00e4nger<\/a>, Februar 2023<\/p>\n\n\n\n<p><a href=\"https:\/\/www.grossborstel.de\/category\/aktuelle-meldungen\/page\/34\/\">Rennsport in Gro\u00df Borstel (I), <\/a>M\u00e4rz 2023<\/p>\n\n\n\n<p><a href=\"https:\/\/www.grossborstel.de\/rennsport-in-gross-borstel-ii\/\">Rennsport in Gro\u00df Borstel (II)<\/a>, April 2023<\/p>\n\n\n\n<p><a href=\"https:\/\/www.grossborstel.de\/das-jakob-junker-haus\/\">Das Jakob-Junker-Haus<\/a>, Mai 2023<\/p>\n\n\n\n<p><a href=\"https:\/\/www.grossborstel.de\/die-tarpenbek-und-ihre-geschichte-i\/\">Die Tarpenbek und ihre Geschichte (I)<\/a>, Juni 2023<\/p>\n\n\n\n<p><a href=\"https:\/\/www.grossborstel.de\/die-tarpenbek-und-ihre-geschichte-ii\/\">Die Tarpenbek und ihre Geschichte (II)<\/a>, Juli\/August 2023<\/p>\n\n\n\n<p><a href=\"https:\/\/www.grossborstel.de\/mustergueltiger-sozialer-wohnungsbau-die-siedlung-beerboomstuecken\/\">Musterg\u00fcltiger Sozialer Wohnungsbau: Die Siedlung Beerboomst\u00fccken<\/a>, September 2023<\/p>\n\n\n\n<p><a href=\"https:\/\/www.grossborstel.de\/haeuser-die-geschichten-erzaehlen-23\/\">Auch Hamburg hatte eine Stra\u00dfenbahn (I)<\/a>, Oktober 2023<\/p>\n\n\n\n<p>Auch Hamburg hatte eine Stra\u00dfenbahn (II), November 2023<\/p>\n\n\n\n<figure class=\"wp-block-image size-full is-resized\"><img loading=\"lazy\" decoding=\"async\" width=\"1024\" height=\"607\" src=\"http:\/\/www.andreschulz.de\/wordpress\/wp-content\/uploads\/2025\/12\/strassenbahn.jpg\" alt=\"\" class=\"wp-image-1906\" style=\"aspect-ratio:1.6870116421376344;width:714px;height:auto\" srcset=\"http:\/\/www.andreschulz.de\/wordpress\/wp-content\/uploads\/2025\/12\/strassenbahn.jpg 1024w, http:\/\/www.andreschulz.de\/wordpress\/wp-content\/uploads\/2025\/12\/strassenbahn-300x178.jpg 300w, http:\/\/www.andreschulz.de\/wordpress\/wp-content\/uploads\/2025\/12\/strassenbahn-768x455.jpg 768w\" sizes=\"auto, (max-width: 1024px) 100vw, 1024px\" \/><figcaption class=\"wp-element-caption\">Foto: Ansichtskarte 1920er Jahre<\/figcaption><\/figure>\n\n\n\n<p><a href=\"https:\/\/www.grossborstel.de\/wie-der-holunderweg-entstand\/\">Wie der Holunderweg entstand<\/a>, Dezember 2023<\/p>\n\n\n\n<p><strong>2024<\/strong><\/p>\n\n\n\n<p><a href=\"https:\/\/www.grossborstel.de\/das-dreidoerfereck-und-der-kollauer-hof-i\/\">Das \u201cDreid\u00f6rfereck\u201c und der Kollauer Hof (I)<\/a>, Januar 2024<\/p>\n\n\n\n<p><a href=\"https:\/\/www.grossborstel.de\/das-dreidoerfereck-und-der-kollauer-hof-ii\/\">Das Dreid\u00f6rfereck und der Kollauer Hof (II)<\/a>, Februar 2024<\/p>\n\n\n\n<figure class=\"wp-block-image size-large is-resized\"><img loading=\"lazy\" decoding=\"async\" width=\"1024\" height=\"683\" src=\"http:\/\/www.andreschulz.de\/wordpress\/wp-content\/uploads\/2025\/12\/Kollauerhof-1024x683.jpg\" alt=\"\" class=\"wp-image-1909\" style=\"width:720px;height:auto\" srcset=\"http:\/\/www.andreschulz.de\/wordpress\/wp-content\/uploads\/2025\/12\/Kollauerhof-1024x683.jpg 1024w, http:\/\/www.andreschulz.de\/wordpress\/wp-content\/uploads\/2025\/12\/Kollauerhof-300x200.jpg 300w, http:\/\/www.andreschulz.de\/wordpress\/wp-content\/uploads\/2025\/12\/Kollauerhof-768x512.jpg 768w, http:\/\/www.andreschulz.de\/wordpress\/wp-content\/uploads\/2025\/12\/Kollauerhof-1536x1024.jpg 1536w, http:\/\/www.andreschulz.de\/wordpress\/wp-content\/uploads\/2025\/12\/Kollauerhof-2048x1365.jpg 2048w\" sizes=\"auto, (max-width: 1024px) 100vw, 1024px\" \/><\/figure>\n\n\n\n<p>Geschichte eines Bildes (Alfred Wegener).M\u00e4rtz 2024<\/p>\n\n\n\n<p><a href=\"https:\/\/www.grossborstel.de\/petra-thelen\/\">Petra Thelen, Saxophonistin in Gro\u00df Borstel<\/a>, M\u00e4rz 2024<\/p>\n\n\n\n<p><a href=\"https:\/\/www.grossborstel.de\/die-hildegard-und-horst-roeder-stiftung\/\">Die Hildegard und Horst R\u00f6der Stiftung<\/a>, April 2024<\/p>\n\n\n\n<p><a href=\"https:\/\/www.grossborstel.de\/die-alsterkrugchaussee-und-der-alsterkrug-i\/\">Die Alsterkrugchaussee und der Alsterkrug (I)<\/a>, Mai 2024<\/p>\n\n\n\n<p><a href=\"https:\/\/www.grossborstel.de\/die-alsterkrugchaussee-und-der-alsterkrug-ii\/\">Die Alsterkrugchaussee und der Alsterkrug (II)<\/a>, Juni 2024<\/p>\n\n\n\n<p><a href=\"https:\/\/www.grossborstel.de\/die-gross-borsteler-polizeiwache-teil-i\/\">Die Gro\u00df Borsteler Polizeiwache (Teil I)<\/a>, Juli\/August 2024<\/p>\n\n\n\n<p><a href=\"https:\/\/www.grossborstel.de\/die-gross-borsteler-polizeiwache-teil-ii\/\">Die Gro\u00df Borsteler Polizeiwache (Teil II), September 2024<\/a><\/p>\n\n\n\n<p><a href=\"https:\/\/www.grossborstel.de\/der-literatursalon-des-heinrich-israel-spiero-teil-i\/\">Der Literatursalon des Heinrich Israel Spiero (Teil I)<\/a>, Oktober 2024<\/p>\n\n\n\n<p>Der Literatursalon des Heinrich Israel Spiero (Teil II), November 2024<\/p>\n\n\n\n<p><a href=\"https:\/\/www.grossborstel.de\/haeuser-die-geschichten-erzaehlen-24\/\">Der Gro\u00df Borsteler Schauspieler, Regisseur und Intendant Friedrich Siems (I)<\/a>, Dezember 2024 <\/p>\n\n\n\n<p><strong>2025<\/strong><\/p>\n\n\n\n<p><a href=\"https:\/\/www.grossborstel.de\/der-gross-borsteler-schauspieler-regisseur-und-intendant-friedrich-siems-ii\/\">Der Gro\u00df Borsteler Schauspieler, Regisseur und Intendant Friedrich Siems (II)<\/a>, Januar 2025<\/p>\n\n\n\n<p><a href=\"https:\/\/www.grossborstel.de\/ein-autobahn-zubringer-an-der-tarpenbek\/\">Ein Autobahn-Zubringer an der Tarpenbek<\/a>, Februar 2025<\/p>\n\n\n\n<p><a href=\"https:\/\/www.grossborstel.de\/der-tiefbunker-im-broedermannsweg\/\">Der Tiefbunker im Br\u00f6dermannsweg<\/a>, M\u00e4rz 2025<\/p>\n\n\n\n<p><a href=\"https:\/\/www.grossborstel.de\/haeuser-die-geschichten-erzaehlen-25\/\">Das Haus, das in die Erde muss (Teil 3)<\/a>, April 2025<\/p>\n\n\n\n<p><a href=\"https:\/\/www.grossborstel.de\/100-jahre-atlantik-expedition-auf-der-meteor-teil-i\/\">100 Jahre Atlantik-Expedition auf der \u201eMeteor\u201c (Teil I)<\/a>, Mai 2025<\/p>\n\n\n\n<p><a href=\"https:\/\/www.grossborstel.de\/100-jahre-atlantik-expedition-auf-der-meteor-teil-ii\/\">100 Jahre Atlantik-Expedition auf der \u201eMeteor\u201c (Teil II)<\/a>, Juni 2025<\/p>\n\n\n\n<p><a href=\"https:\/\/www.grossborstel.de\/das-bewegte-leben-der-sabine-gowa-geb-spiero-teil-1\/\">Das bewegte Leben der Sabine Gowa (geb. Spiero) (Teil 1)<\/a>, Juli\/August 2025<\/p>\n\n\n\n<p><a href=\"https:\/\/www.grossborstel.de\/das-bewegte-leben-der-sabine-gowa-geb-spiero-teil-2\/\">Das bewegte Leben der Sabine Gowa (geb. Spiero) (Teil 2)<\/a>, September 2025<\/p>\n\n\n\n<p><a href=\"https:\/\/www.grossborstel.de\/zum-100-geburtstag-von-otto-rohse\/\">Zum 100. Geburtstag von Otto Rohse<\/a>, Oktober 2025<\/p>\n\n\n\n<p>B\u00fccher f\u00fcr Hamburg und Gro\u00df Borstel (I), November 2025<\/p>\n\n\n\n<p><a href=\"https:\/\/www.grossborstel.de\/buecher-fuer-hamburg-und-gross-borstel-ii\/\">B\u00fccher f\u00fcr Hamburg und Gro\u00df Borstel (II)<\/a>, Dezember 2025<\/p>\n\n\n\n<p><\/p>\n\n\n\n<p><\/p>\n","protected":false},"excerpt":{"rendered":"<div class=\"mh-excerpt\"><p>Im Gro\u00df Borsteler Stadtteil-Heft &#8222;Borsteler Bote&#8220; ver\u00f6ffentliche ich seit 2019 Artkel zur Geschichte des Stadtteil und seiner Bewohner.. Die meisten der Artikel sind direkt auf <a class=\"mh-excerpt-more\" href=\"http:\/\/www.andreschulz.de\/wordpress\/gross-borstel-artikel-zur-stadteilgeschichte\/\" title=\"Gro\u00df Borstel &#8211; Artikel zur Stadteilgeschichte\">[&#8230;]<\/a><\/p>\n<\/div>","protected":false},"author":1,"featured_media":0,"parent":0,"menu_order":0,"comment_status":"closed","ping_status":"closed","template":"","meta":{"footnotes":""},"class_list":["post-1822","page","type-page","status-publish","hentry"],"_links":{"self":[{"href":"http:\/\/www.andreschulz.de\/wordpress\/wp-json\/wp\/v2\/pages\/1822","targetHints":{"allow":["GET"]}}],"collection":[{"href":"http:\/\/www.andreschulz.de\/wordpress\/wp-json\/wp\/v2\/pages"}],"about":[{"href":"http:\/\/www.andreschulz.de\/wordpress\/wp-json\/wp\/v2\/types\/page"}],"author":[{"embeddable":true,"href":"http:\/\/www.andreschulz.de\/wordpress\/wp-json\/wp\/v2\/users\/1"}],"replies":[{"embeddable":true,"href":"http:\/\/www.andreschulz.de\/wordpress\/wp-json\/wp\/v2\/comments?post=1822"}],"version-history":[{"count":18,"href":"http:\/\/www.andreschulz.de\/wordpress\/wp-json\/wp\/v2\/pages\/1822\/revisions"}],"predecessor-version":[{"id":1952,"href":"http:\/\/www.andreschulz.de\/wordpress\/wp-json\/wp\/v2\/pages\/1822\/revisions\/1952"}],"wp:attachment":[{"href":"http:\/\/www.andreschulz.de\/wordpress\/wp-json\/wp\/v2\/media?parent=1822"}],"curies":[{"name":"wp","href":"https:\/\/api.w.org\/{rel}","templated":true}]}}