{"id":428,"date":"2017-04-25T23:47:49","date_gmt":"2017-04-25T21:47:49","guid":{"rendered":"http:\/\/www.andreschulz.de\/wordpress\/?page_id=428"},"modified":"2025-12-08T23:35:12","modified_gmt":"2025-12-08T22:35:12","slug":"impressum","status":"publish","type":"page","link":"http:\/\/www.andreschulz.de\/wordpress\/impressum\/","title":{"rendered":"Impressum"},"content":{"rendered":"<h2>Impressum und Datenschutzerkl\u00e4rung<\/h2>\n<h3>Angaben gem\u00e4\u00df \u00a7 5 TMG:<\/h3>\n<p>Andr\u00e9 Schulz<br \/>\nPlogstieg 10<br \/>\n22453 Hamburg<\/p>\n<p>E-Mail: andreschulz@hamburg.de<\/p>\n<p>Alle Rechte vorbehalten<\/p>\n<p>Alle Fotos: Andr\u00e9 Schulz (wenn nicht anders angegeben)<\/p>\n<h3>Verantwortlich f\u00fcr den Inhalt nach \u00a7 55 Abs. 2 RStV:<\/h3>\n<p>Andr\u00e9 Schulz<br \/>\nPlogstieg 10<br \/>\n22453 Hamburg<\/p>\n<p>Quelle: <a href=\"https:\/\/www.e-recht24.de\/\" target=\"_blank\" rel=\"noopener noreferrer\">eRecht24<\/a><\/p>\n<p>Datenschutzerkl\u00e4rung<\/p>\n<h3>Datenschutz<\/h3>\n<p>Die Betreiber dieser Seiten nehmen den\u00a0Schutz Ihrer pers\u00f6nlichen Daten sehr ernst. Wir behandeln Ihre personenbezogenen Daten vertraulich und\u00a0entsprechend der gesetzlichen Datenschutzvorschriften sowie dieser Datenschutzerkl\u00e4rung.<\/p>\n<p>Die Nutzung unserer Webseite ist in der Regel ohne Angabe personenbezogener Daten m\u00f6glich. Soweit auf<br \/>\nunseren Seiten personenbezogene Daten (beispielsweise Name, Anschrift oder E-Mail-Adressen) erhoben<br \/>\nwerden, erfolgt dies, soweit m\u00f6glich, stets auf freiwilliger Basis. Diese Daten werden ohne Ihre<br \/>\nausdr\u00fcckliche Zustimmung nicht an Dritte weitergegeben.<\/p>\n<p>Wir weisen darauf hin, dass die\u00a0Daten\u00fcbertragung im Internet (z.B. bei der Kommunikation per E-Mail) Sicherheitsl\u00fccken aufweisen\u00a0kann. Ein l\u00fcckenloser Schutz der Daten vor dem Zugriff durch Dritte ist nicht<br \/>\nm\u00f6glich.<\/p>\n<h3>Datenschutzerkl\u00e4rung f\u00fcr die Nutzung von Facebook-Plugins\u00a0(Like-Button)<\/h3>\n<p>Auf diesen\u00a0Seiten sind Plugins des sozialen Netzwerks Facebook, Anbieter Facebook Inc., 1 Hacker Way, Menlo Park, California 94025, USA, integriert. Die Facebook-Plugins erkennen Sie an dem\u00a0Facebook-Logo oder dem &#8222;Like-Button&#8220; (&#8222;Gef\u00e4llt mir&#8220;) auf unserer Seite. Eine \u00dcbersicht \u00fcber\u00a0die Facebook-Plugins finden Sie hier: <a href=\"http:\/\/developers.facebook.com\/docs\/plugins\/\">http:\/\/developers.facebook.com\/docs\/plugins\/<\/a>.<\/p>\n<p>Wenn Sie unsere Seiten besuchen, wird \u00fcber das Plugin eine direkte Verbindung zwischen Ihrem<br \/>\nBrowser und dem Facebook-Server hergestellt. Facebook erh\u00e4lt dadurch die Information, dass Sie mit<br \/>\nIhrer IP-Adresse unsere Seite besucht haben. Wenn Sie den Facebook &#8222;Like-Button&#8220; anklicken w\u00e4hrend<br \/>\nSie in Ihrem Facebook-Account eingeloggt sind, k\u00f6nnen Sie die Inhalte unserer Seiten auf Ihrem<br \/>\nFacebook-Profil verlinken. Dadurch kann Facebook den Besuch unserer Seiten Ihrem Benutzerkonto zuordnen.<br \/>\nWir weisen darauf hin, dass wir als Anbieter der Seiten keine Kenntnis vom Inhalt der \u00fcbermittelten Daten<br \/>\nsowie deren Nutzung durch Facebook erhalten. Weitere Informationen hierzu finden Sie in der<br \/>\nDatenschutzerkl\u00e4rung von Facebook unter <a href=\"http:\/\/de-de.facebook.com\/policy.php\">http:\/\/dede.facebook.com\/policy.php<\/a>.<\/p>\n<p>Wenn Sie nicht w\u00fcnschen, dass Facebook den Besuch unserer Seiten Ihrem Facebook-Nutzerkonto zuordnen kann, loggen Sie sich bitte aus Ihrem Facebook-Benutzerkonto<br \/>\naus.<\/p>\n<h3>Datenschutzerkl\u00e4rung f\u00fcr die Nutzung von Twitter<\/h3>\n<p>Auf diesen\u00a0Seiten sind Funktionen des Dienstes Twitter eingebunden. Diese Funktionen werden angeboten durch<br \/>\ndie Twitter Inc., 1355 Market Street, Suite 900, San Francisco, CA 94103, USA. Durch das Benutzen von Twitter<br \/>\nund der Funktion &#8222;Re-Tweet&#8220; werden die von Ihnen besuchten Webseiten mit Ihrem Twitter-Account<br \/>\nverkn\u00fcpft und anderen Nutzern bekannt gegeben. Dabei werden auch Daten an Twitter \u00fcbertragen.<br \/>\nWir weisen darauf hin, dass wir als Anbieter der Seiten keine Kenntnis vom Inhalt der \u00fcbermittelten Daten<br \/>\nsowie deren Nutzung durch Twitter erhalten. Weitere Informationen hierzu finden Sie in der<br \/>\nDatenschutzerkl\u00e4rung von Twitter unter <a href=\"http:\/\/twitter.com\/privacy\">http:\/\/twitter.com\/privacy<\/a>.<\/p>\n<p>Ihre Datenschutzeinstellungen bei Twitter\u00a0k\u00f6nnen Sie in den Konto-Einstellungen unter: <a href=\"http:\/\/twitter.com\/account\/settings\">http:\/\/twitter.com\/account\/settings<\/a>\u00a0\u00e4ndern.<\/p>\n<h3>Datenschutzerkl\u00e4rung f\u00fcr die Nutzung von Instagram<\/h3>\n<p>Auf unseren Seiten sind Funktionen des Dienstes Instagram eingebunden. Diese Funktionen werden<br \/>\nangeboten durch die Instagram Inc., 1601 Willow Road, Menlo Park, CA, 94025, USA integriert. Wenn Sie in<br \/>\nIhrem Instagram-Account eingeloggt sind k\u00f6nnen Sie durch Anklicken des Instagram-Buttons die Inhalte<br \/>\nunserer Seiten mit Ihrem Instagram-Profil verlinken. Dadurch kann Instagram den Besuch unserer Seiten Ihrem<br \/>\nBenutzerkonto zuordnen. Wir weisen darauf hin, dass wir als Anbieter der Seiten keine Kenntnis vom Inhalt der<br \/>\nu?bermittelten Daten sowie deren Nutzung durch Instagram erhalten.<\/p>\n<p>Weitere Informationen hierzu\u00a0finden Sie in der Datenschutzerkl\u00e4rung von Instagram: <a href=\"http:\/\/instagram.com\/about\/legal\/privacy\/\">http:\/\/instagram.com\/about\/legal\/privacy\/<\/a><\/p>\n<h3>Datenschutzerkl\u00e4rung f\u00fcr die Nutzung von YouTube<\/h3>\n<p>Unsere Webseite nutzt Plugins\u00a0der von Google betriebenen Seite YouTube. Betreiber der Seiten ist die YouTube, LLC, 901 Cherry Ave., San\u00a0Bruno, CA 94066, USA. Wenn Sie eine unserer mit einem YouTube-Plugin ausgestatteten Seiten besuchen,\u00a0wird eine Verbindung zu den Servern von YouTube hergestellt. Dabei wird dem Youtube-Server mitgeteilt,\u00a0welche unserer Seiten Sie besucht haben.\u00a0Wenn Sie in Ihrem YouTube-Account eingeloggt sind\u00a0erm\u00f6glichen Sie YouTube, Ihr Surfverhalten direkt Ihrem pers\u00f6nlichen Profil zuzuordnen. Dies\u00a0k\u00f6nnen Sie verhindern, indem Sie sich aus Ihrem YouTube-Account ausloggen.<\/p>\n<p>Weitere\u00a0Informationen zum Umgang von Nutzerdaten finden Sie in der Datenschutzerkl\u00e4rung von YouTube unter:<br \/>\n<a href=\"https:\/\/www.google.de\/intl\/de\/policies\/privacy\">https:\/\/www.google.de\/intl\/de\/policies\/privacy<\/a><\/p>\n<h3>Kommentarfunktion auf dieser Webseite<\/h3>\n<p>Wenn Sie uns per Kontaktformular Anfragen zukommen lassen, werden Ihre Angaben aus dem Anfrageformular inklusive der von Ihnen dort angegebenen Kontaktdaten\u00a0zwecks Bearbeitung der Anfrage und f\u00fcr den Fall von Anschlussfragen bei uns gespeichert. Diese Daten\u00a0geben wir nicht ohne Ihre Einwilligung weiter.<\/p>\n<p>Quelle: <em><a href=\"https:\/\/www.e-recht24.de\">eRecht24<\/a><\/em><\/p>\n","protected":false},"excerpt":{"rendered":"<div class=\"mh-excerpt\"><p>Impressum und Datenschutzerkl\u00e4rung Angaben gem\u00e4\u00df \u00a7 5 TMG: Andr\u00e9 Schulz Plogstieg 10 22453 Hamburg E-Mail: andreschulz@hamburg.de Alle Rechte vorbehalten Alle Fotos: Andr\u00e9 Schulz (wenn nicht <a class=\"mh-excerpt-more\" href=\"http:\/\/www.andreschulz.de\/wordpress\/impressum\/\" title=\"Impressum\">[&#8230;]<\/a><\/p>\n<\/div>","protected":false},"author":1,"featured_media":0,"parent":0,"menu_order":0,"comment_status":"closed","ping_status":"closed","template":"","meta":{"footnotes":""},"class_list":["post-428","page","type-page","status-publish","hentry"],"_links":{"self":[{"href":"http:\/\/www.andreschulz.de\/wordpress\/wp-json\/wp\/v2\/pages\/428","targetHints":{"allow":["GET"]}}],"collection":[{"href":"http:\/\/www.andreschulz.de\/wordpress\/wp-json\/wp\/v2\/pages"}],"about":[{"href":"http:\/\/www.andreschulz.de\/wordpress\/wp-json\/wp\/v2\/types\/page"}],"author":[{"embeddable":true,"href":"http:\/\/www.andreschulz.de\/wordpress\/wp-json\/wp\/v2\/users\/1"}],"replies":[{"embeddable":true,"href":"http:\/\/www.andreschulz.de\/wordpress\/wp-json\/wp\/v2\/comments?post=428"}],"version-history":[{"count":5,"href":"http:\/\/www.andreschulz.de\/wordpress\/wp-json\/wp\/v2\/pages\/428\/revisions"}],"predecessor-version":[{"id":1913,"href":"http:\/\/www.andreschulz.de\/wordpress\/wp-json\/wp\/v2\/pages\/428\/revisions\/1913"}],"wp:attachment":[{"href":"http:\/\/www.andreschulz.de\/wordpress\/wp-json\/wp\/v2\/media?parent=428"}],"curies":[{"name":"wp","href":"https:\/\/api.w.org\/{rel}","templated":true}]}}