{"id":85,"date":"2017-04-23T03:53:37","date_gmt":"2017-04-23T01:53:37","guid":{"rendered":"http:\/\/www.andreschulz.de\/wordpress\/?page_id=85"},"modified":"2025-12-07T14:06:27","modified_gmt":"2025-12-07T13:06:27","slug":"publikationen","status":"publish","type":"page","link":"http:\/\/www.andreschulz.de\/wordpress\/publikationen\/","title":{"rendered":"Publikationen"},"content":{"rendered":"\n<h2 class=\"wp-block-heading\">Kunst und Kultur:<\/h2>\n\n\n\n<figure class=\"wp-block-image size-large\"><img loading=\"lazy\" decoding=\"async\" width=\"1024\" height=\"443\" src=\"http:\/\/www.andreschulz.de\/wordpress\/wp-content\/uploads\/2025\/12\/Kunst-1024x443.jpg\" alt=\"\" class=\"wp-image-1861\" srcset=\"http:\/\/www.andreschulz.de\/wordpress\/wp-content\/uploads\/2025\/12\/Kunst-1024x443.jpg 1024w, http:\/\/www.andreschulz.de\/wordpress\/wp-content\/uploads\/2025\/12\/Kunst-300x130.jpg 300w, http:\/\/www.andreschulz.de\/wordpress\/wp-content\/uploads\/2025\/12\/Kunst-768x332.jpg 768w, http:\/\/www.andreschulz.de\/wordpress\/wp-content\/uploads\/2025\/12\/Kunst.jpg 1362w\" sizes=\"auto, (max-width: 1024px) 100vw, 1024px\" \/><\/figure>\n\n\n\n<h4 class=\"wp-block-heading\"><strong>Andr\u00e9 Schulz: Alfred Ehrhardt &#8211; Naturphilosoph mit Kamera<\/strong><br><br>in: K\u00fcnstlerkolonie Gro\u00df Borstel (Band 1), Hrsg. von Birgit Schumacher und Heio N\u00f6lke <br>(Initiative Marcus und Dahl e.V.), Hamburg 2020<\/h4>\n\n\n\n<figure class=\"wp-block-image size-full is-resized\"><img loading=\"lazy\" decoding=\"async\" width=\"612\" height=\"599\" src=\"http:\/\/www.andreschulz.de\/wordpress\/wp-content\/uploads\/2025\/12\/Kuenstlerkolonie-Gross-Bostel-1.jpg\" alt=\"\" class=\"wp-image-1849\" style=\"width:462px;height:auto\" srcset=\"http:\/\/www.andreschulz.de\/wordpress\/wp-content\/uploads\/2025\/12\/Kuenstlerkolonie-Gross-Bostel-1.jpg 612w, http:\/\/www.andreschulz.de\/wordpress\/wp-content\/uploads\/2025\/12\/Kuenstlerkolonie-Gross-Bostel-1-300x294.jpg 300w\" sizes=\"auto, (max-width: 612px) 100vw, 612px\" \/><\/figure>\n\n\n\n<p><strong>Andr\u00e9 Schulz: Marianne und Otto Rohse<\/strong><br><strong>Andr\u00e9 Schulz: Friederich Schaper<\/strong><\/p>\n\n\n\n<h4 class=\"wp-block-heading\">in: K\u00fcnstlerkolonie Gro\u00df Borstel (Band 2), Hrsg. von Birgit Schumacher und Heio N\u00f6lke <br>(Initiative Marcus und Dahl e.V.), Hamburg 2022<\/h4>\n\n\n\n<figure class=\"wp-block-image size-large is-resized\"><img loading=\"lazy\" decoding=\"async\" width=\"1024\" height=\"939\" src=\"http:\/\/www.andreschulz.de\/wordpress\/wp-content\/uploads\/2025\/12\/Kuenstlerkolonie-Gross-Bostel-2-1024x939.jpg\" alt=\"\" class=\"wp-image-1850\" style=\"aspect-ratio:1.0905328924681015;width:465px;height:auto\" srcset=\"http:\/\/www.andreschulz.de\/wordpress\/wp-content\/uploads\/2025\/12\/Kuenstlerkolonie-Gross-Bostel-2-1024x939.jpg 1024w, http:\/\/www.andreschulz.de\/wordpress\/wp-content\/uploads\/2025\/12\/Kuenstlerkolonie-Gross-Bostel-2-300x275.jpg 300w, http:\/\/www.andreschulz.de\/wordpress\/wp-content\/uploads\/2025\/12\/Kuenstlerkolonie-Gross-Bostel-2-768x705.jpg 768w, http:\/\/www.andreschulz.de\/wordpress\/wp-content\/uploads\/2025\/12\/Kuenstlerkolonie-Gross-Bostel-2.jpg 1090w\" sizes=\"auto, (max-width: 1024px) 100vw, 1024px\" \/><\/figure>\n\n\n\n<hr class=\"wp-block-separator has-alpha-channel-opacity\"\/>\n\n\n\n<h2 class=\"wp-block-heading\">Schach:<\/h2>\n\n\n<h2>The Big Book of World Chess Championships<br \/>New in Chess, Februar 2016<\/h2>\n<p><img loading=\"lazy\" decoding=\"async\" class=\"wp-image-319 size-medium\" src=\"http:\/\/www.andreschulz.de\/wordpress\/wp-content\/uploads\/2017\/04\/Andre-Schulz-big-book-of-the-world-chess-championships-217x300.jpg\" alt=\"The Big Book of World Championships\" width=\"217\" height=\"300\" srcset=\"http:\/\/www.andreschulz.de\/wordpress\/wp-content\/uploads\/2017\/04\/Andre-Schulz-big-book-of-the-world-chess-championships-217x300.jpg 217w, http:\/\/www.andreschulz.de\/wordpress\/wp-content\/uploads\/2017\/04\/Andre-Schulz-big-book-of-the-world-chess-championships.jpg 362w\" sizes=\"auto, (max-width: 217px) 100vw, 217px\" \/><\/p>\n<h2>Reviews:<\/h2>\n<p><strong>B.H.Wilders<\/strong>, Nederlands Dagblad:<br \/>&#8222;A splendid book (..) They used to say: this book belongs in your library &#8212; and I am saying that now.&#8220;<\/p>\n<p><strong>Chris Wainscott<\/strong>, ChessIQ:<br \/>&#8222;From Steinitz playing for reduced fees when proper stakes could not be raised by his challengers to the lights going out on Anand and Topalov this book covers historically interesting facts pertaining to the matches. This book also does a good job of going beyond the matches themselves to get into many of the details regarding the players (..) I highly recommend this book to anyone who enjoys learning about the history of the royal game and give it five out of five stars.&#8220;<\/p>\n<p><strong>Johan Hut<\/strong>, Noordhollands Dagblad:<br \/>&#8222;A fantastic book.&#8220;<\/p>\n<p class=\"auto-style2\"><strong>CHESS Magazine<\/strong> (UK):<br \/>&#8222;The 46 matches for the world title have produced much magnificent chess, as well as plenty of off-the-board drama. Schultz succinctly but enjoyably recounts the background to each contest, as well as all the incidents which occurred during it.&#8220;<\/p>\n<p class=\"auto-style2\"><strong>GM Matthew Sadler<\/strong><span class=\"auto-style17\">, author of &#8218;Chess for Life&#8216;:<br \/>&#8222;I read it from cover to cover with great pleasure.&#8220;<\/span><\/p>\n<p class=\"auto-style2\">Review in New in Chess Magazine, 4\/2016<\/p>\n<p class=\"auto-style2\"><strong>Daniel King:<\/strong> on his Youtube channel Powerplay Chess: &#8222;These colourful personalities, it is fascinating to learn\u00a0about the lives (&#8230;) With all kinds of gossip that was new to me. A very entertaining book&#8220;<\/p>\n<p><iframe loading=\"lazy\" src=\"https:\/\/www.youtube.com\/embed\/EWje0YqgFr8\" width=\"640\" height=\"360\" frameborder=\"0\" allowfullscreen=\"allowfullscreen\"><\/iframe><\/p>\n<p><strong>Florian Jacobs<\/strong>, Max Euwe Center Amsterdam: &#8222;All the Matadors get the attention\u00a0they deserve. There is a coniderable number of Pictures and evey few pages there is a really wonderfull anectdote.&#8220;<\/p>\n<p><strong>Dennis Monokroussos<\/strong>, The Chess Mind: &#8222;This is a book I&#8217;d recommend as a Christmas present for the lover of chess history in your home or broader circle, and it would make a fine gift for a teenaged chess fan as well.&#8220;<\/p>\n<p><strong>John Watson<\/strong>, TWIC: In conclusion, it should be clear that I enjoyed <i>The Big Book of World Chess Championships<\/i> very much and highly recommend it, especially to players who haven\u2019t explored the history of our game in depth. Young players will particularly benefit from an exposure to how the game and its understanding have evolved. Congratulations to Andr\u00e9 Schulz for having made this unique contribution to chess literature.<\/p>\n<p><a href=\"http:\/\/theweekinchess.com\/john-watson-reviews\/john-watson-book-review-115-kings-of-chess\" target=\"_blank\" rel=\"noopener noreferrer\">John Watson&#8217;s complete review on The week in Chess<\/a><\/p>\n<h2>Das gro\u00dfe Buch der Schach-Weltmeisterschaften<br \/>New in Chess, November 2015<\/h2>\n<figure id=\"attachment_317\" aria-describedby=\"caption-attachment-317\" style=\"width: 217px\" class=\"wp-caption alignnone\"><img loading=\"lazy\" decoding=\"async\" class=\"wp-image-317 size-medium\" src=\"http:\/\/www.andreschulz.de\/wordpress\/wp-content\/uploads\/2017\/04\/Das-grosse-Buch-der-Schachweltmeisterschaften-217x300.jpg\" alt=\"Das gro\u00dfe Buch der Schachweltmeisterschaften\" width=\"217\" height=\"300\" srcset=\"http:\/\/www.andreschulz.de\/wordpress\/wp-content\/uploads\/2017\/04\/Das-grosse-Buch-der-Schachweltmeisterschaften-217x300.jpg 217w, http:\/\/www.andreschulz.de\/wordpress\/wp-content\/uploads\/2017\/04\/Das-grosse-Buch-der-Schachweltmeisterschaften.jpg 660w\" sizes=\"auto, (max-width: 217px) 100vw, 217px\" \/><figcaption id=\"caption-attachment-317\" class=\"wp-caption-text\">Das gro\u00dfe Buch der Schachweltmeisterschaften<\/figcaption><\/figure>\n<h2>Rezensionen<\/h2>\n<p><strong>Harry Schaack<\/strong>: 130 Jahre Schachtradition<\/p>\n<p>Die St\u00e4rke des Buches liegt zweifellos in den Biographien. Denn Schulz besch\u00e4ftigt sich eben nicht nur mit der WM, sondern vor allem mit den Protagonisten. Dabei hat der Autor wenig bekannte Details zu Tage gef\u00f6rdert, wie etwa dass Capablanca w\u00e4hrend des AVRO-Turniers 1938 einen ersten leichten Schlaganfall erlitt.<\/p>\n<p>Karl-das kulturelle Schachmagazin, Heft 1\/2016<\/p>\n<p><a href=\"http:\/\/www.karlonline.org\/116_3.htm\" target=\"_blank\" rel=\"noopener noreferrer\">Rezension bei Karl-online<\/a><\/p>\n<p><strong>Dr. Helmut Pfleger<\/strong>: &#8222;Ein gro\u00dfer Wurf&#8220;<\/p>\n<p>&#8222;Mit &#8222;Das gro\u00dfe Buch der Schach-Weltmeisterschaften&#8220; ist dem Schachjournalisten Andr\u00e9 Schulz ein gro\u00dfer Wurf gelungen. &#8222;Gro\u00df&#8220;-sowohl quantitativ wie qualitativ. Schwergewichtig und doch leicht zu lesen.&#8220;<\/p>\n<p>Welt am Sonntag, 10.4.2016<\/p>\n<p><strong>Uwe Bekemann<\/strong>: &#8222;Ein Meer an Informationen&#8220; (BDF-Fernschachbund)<\/p>\n<p>&#8222;Das gro\u00dfe Buch der Schach-Weltmeisterschaften&#8220; von Andr\u00e9 Schulz z\u00e4hlt zu jenen von mir besprochenen B\u00fcchern, bei denen die Vorbereitung der Rezension am zeitaufw\u00e4ndigsten war, deren L\u00e4nge dies aber nicht widerzuspiegeln vermag. Das Werk ist 2015 bei New In Chess (NIC) erschienen, und zwar in deutscher Sprache, wie der Buchtitel bereits demonstriert. Andr\u00e9 Schulz ist ein erfahrener Schachjournalist, u.a. zust\u00e4ndig f\u00fcr die Website von ChessBase.<\/p>\n<p>Man wird geradezu erschlagen von der F\u00fclle an Informationen, sowohl in der Tiefe als auch in der Breite. Andr\u00e9 Schulz hat mit viel Flei\u00df ein Meer an Informationen zusammengetragen, das &#8222;Das gro\u00dfe Buch der Schach-Weltmeisterschaften&#8220; zu einem Nachschlagewerk erster Garnitur avancieren l\u00e4sst.&#8220;<\/p>\n<p><a href=\"http:\/\/www.bdf-fernschachbund.de\/service\/rezensionen\/2016\/rezens2016.htm#Das gro\u00dfe Buch der Schach-Weltmeisterschaften\" target=\"_blank\" rel=\"noopener noreferrer\">Rezension beim Fernschachbund<\/a><\/p>\n<p><strong>Walter Eigenmann<\/strong>: &#8222;Einstieg ganz oben&#8220; (Glarean-Magazin)<\/p>\n<p><span class=\"auto-style18\">&#8222;Der Online-Schach-Redakteur, -Feuilleton-Autor und -Video-Moderator Andr\u00e9 Schulz ist mit M. W\u00fcllenweber und M. Feist einer der bestimmenden K\u00f6pfe der Hamburger Schachsoftware-Firma Chessbase.<\/span><span class=\"auto-style18\">\u00a0Verantwortlich auch f\u00fcr den medialen Auftritt des Unternehmens versorgt er seit bald 20 Jahren die internationale Szene mit News, Interviews und Analysen aus allen theoretischen, gesellschaftlichen und biographischen Bereichen der Schachwelt. Nun tritt er erstmals auch als Buch-Autor in Erscheinung \u2013 und dies gleich mit einem &#8222;Einstieg ganz oben&#8220;, mit einem &#8222;gro\u00dfen Buch&#8220; \u00fcber die 46 Titelk\u00e4mpfe der Schach-Weltmeisterschaften &#8222;von Steinitz bis Carlsen&#8220;.&#8220;<\/span><\/p>\n<p><a href=\"https:\/\/glarean-magazin.ch\/2016\/02\/27\/schach-buecher-uhlmann-schulz-rezensionen-chess-reviews\/\" target=\"_blank\" rel=\"noopener noreferrer\">Rezension bei Glarean-Magazin<\/a><\/p>\n<p><strong>IM Martin Breutigam<\/strong>: &#8222;Faktenreich und meinungsstark&#8220;<\/p>\n<p>&#8222;Faktenreich und meinungsstark spannt der Schachjournalist Andr\u00e9 Schulz einen weiten Bogen durch die Jahrhunderte, vom ersten WM-Kampf 1886 bis zur 46. Weltmeisterschaft zwischen Magnus Carlsen und Viswanthan Anand 2014.&#8220;<\/p>\n<p>Tagesspiegel, 28.2.2016<\/p>\n<p><strong>GM Dr. Karsten M\u00fcller<\/strong>: &#8222;Weltmeisterliches Werk&#8220;<\/p>\n<p>&#8222;Die Auswahl der Partien gef\u00e4llt und die Analysen sind kurz und verst\u00e4ndlich gehalten. Doch eine Hauptst\u00e4rke des Buches sehe ich auf dem Gebiet der Darstellung der historischen Zusammenh\u00e4nge und von vielen kleinen Anekdoten rund um die Welt der 64 Felder.&#8220;<\/p>\n<p>Dezember 2015<\/p>\n<h2>Welt des Schachs<\/h2>\n<p>(CD, ChessBase,1998),\u00a0vergriffen<\/p>\n<p><img loading=\"lazy\" decoding=\"async\" class=\"alignnone size-full wp-image-513\" src=\"http:\/\/www.andreschulz.de\/wordpress\/wp-content\/uploads\/2017\/04\/Andre-Schulz-Welt-des-Schachs.jpg\" alt=\"\" width=\"87\" height=\"120\" \/><\/p>\n<h2>K\u00f6nigsindisch mit f5-f4<\/h2>\n<p>(CD, ChessBase 1997), vergriffen<\/p>\n<p><img loading=\"lazy\" decoding=\"async\" class=\"alignnone size-full wp-image-514\" src=\"http:\/\/www.andreschulz.de\/wordpress\/wp-content\/uploads\/2017\/04\/Andre-Schulz-Koenigsindisch-mit-f5-f4.jpg\" alt=\"\" width=\"168\" height=\"165\" \/><\/p>","protected":false},"excerpt":{"rendered":"<div class=\"mh-excerpt\"><p>Kunst und Kultur: Andr\u00e9 Schulz: Alfred Ehrhardt &#8211; Naturphilosoph mit Kamera in: K\u00fcnstlerkolonie Gro\u00df Borstel (Band 1), Hrsg. von Birgit Schumacher und Heio N\u00f6lke (Initiative <a class=\"mh-excerpt-more\" href=\"http:\/\/www.andreschulz.de\/wordpress\/publikationen\/\" title=\"Publikationen\">[&#8230;]<\/a><\/p>\n<\/div>","protected":false},"author":1,"featured_media":0,"parent":0,"menu_order":0,"comment_status":"closed","ping_status":"closed","template":"","meta":{"footnotes":""},"class_list":["post-85","page","type-page","status-publish","hentry"],"_links":{"self":[{"href":"http:\/\/www.andreschulz.de\/wordpress\/wp-json\/wp\/v2\/pages\/85","targetHints":{"allow":["GET"]}}],"collection":[{"href":"http:\/\/www.andreschulz.de\/wordpress\/wp-json\/wp\/v2\/pages"}],"about":[{"href":"http:\/\/www.andreschulz.de\/wordpress\/wp-json\/wp\/v2\/types\/page"}],"author":[{"embeddable":true,"href":"http:\/\/www.andreschulz.de\/wordpress\/wp-json\/wp\/v2\/users\/1"}],"replies":[{"embeddable":true,"href":"http:\/\/www.andreschulz.de\/wordpress\/wp-json\/wp\/v2\/comments?post=85"}],"version-history":[{"count":32,"href":"http:\/\/www.andreschulz.de\/wordpress\/wp-json\/wp\/v2\/pages\/85\/revisions"}],"predecessor-version":[{"id":1886,"href":"http:\/\/www.andreschulz.de\/wordpress\/wp-json\/wp\/v2\/pages\/85\/revisions\/1886"}],"wp:attachment":[{"href":"http:\/\/www.andreschulz.de\/wordpress\/wp-json\/wp\/v2\/media?parent=85"}],"curies":[{"name":"wp","href":"https:\/\/api.w.org\/{rel}","templated":true}]}}